{"id":26,"date":"2018-11-25T14:48:49","date_gmt":"2018-11-25T14:48:49","guid":{"rendered":"https:\/\/fuerberg.de\/?page_id=26"},"modified":"2026-01-11T18:48:10","modified_gmt":"2026-01-11T17:48:10","slug":"terminplan","status":"publish","type":"page","link":"https:\/\/fuerberg.de\/index.php\/terminplan\/","title":{"rendered":"Terminplan"},"content":{"rendered":"<h2 style=\"text-align: center;\">Hier finden Sie die <strong>Termine<\/strong> f\u00fcr das Jahr <strong>2026<\/strong><\/h2>\n<p>&nbsp;<\/p>\n<h4><img loading=\"lazy\" decoding=\"async\" class=\"aligncenter wp-image-639\" src=\"https:\/\/fuerberg.de\/wp-content\/uploads\/2026\/01\/Termine_2026_2_jpg-834x1024.jpg\" alt=\"\" width=\"737\" height=\"905\" srcset=\"https:\/\/fuerberg.de\/wp-content\/uploads\/2026\/01\/Termine_2026_2_jpg-834x1024.jpg 834w, https:\/\/fuerberg.de\/wp-content\/uploads\/2026\/01\/Termine_2026_2_jpg-244x300.jpg 244w, https:\/\/fuerberg.de\/wp-content\/uploads\/2026\/01\/Termine_2026_2_jpg-768x943.jpg 768w, https:\/\/fuerberg.de\/wp-content\/uploads\/2026\/01\/Termine_2026_2_jpg-879x1080.jpg 879w, https:\/\/fuerberg.de\/wp-content\/uploads\/2026\/01\/Termine_2026_2_jpg.jpg 947w\" sizes=\"auto, (max-width: 737px) 100vw, 737px\" \/><\/h4>\n<p>&nbsp;<\/p>\n<h4><\/h4>\n<h4>Alternativ finden Sie den <strong>Terminplan<\/strong> der K\u00e4rwaburschen:<\/h4>\n<ul>\n<li>\n<h4>Hier als <strong>PDF-Datei<\/strong> zum Ausdrucken<em>: <a href=\"https:\/\/fuerberg.de\/wp-content\/uploads\/2026\/01\/Termine-2026_2.pdf\"><strong><span style=\"color: #0000ff;\">Termine 2026<\/span><\/strong><\/a><\/em><\/h4>\n<\/li>\n<li>\n<h4>Hier als <strong>iCal-Datei<\/strong> f\u00fcr Ihr Smartphone: <span style=\"color: #0000ff;\"><em><a style=\"color: #0000ff;\" href=\"https:\/\/fuerberg.de\/wp-content\/uploads\/2024\/01\/Termine2024.ics\"><strong>Kalender K\u00e4rwaburschen<\/strong><\/a><\/em><\/span><\/h4>\n<\/li>\n<\/ul>\n<h4><strong>(Letzte \u00c4nderung 11.01.2026<\/strong><strong>)<\/strong><\/h4>\n<p>&nbsp;<\/p>\n","protected":false},"excerpt":{"rendered":"<p>Hier finden Sie die Termine f\u00fcr das Jahr 2026 &nbsp; &nbsp; Alternativ finden Sie den Terminplan der K\u00e4rwaburschen: Hier als PDF-Datei zum Ausdrucken: Termine 2026 Hier als iCal-Datei f\u00fcr Ihr Smartphone: Kalender K\u00e4rwaburschen (Letzte \u00c4nderung 11.01.2026) &nbsp;<\/p>\n","protected":false},"author":1,"featured_media":0,"parent":0,"menu_order":3,"comment_status":"closed","ping_status":"closed","template":"","meta":{"footnotes":""},"class_list":["post-26","page","type-page","status-publish","hentry"],"_links":{"self":[{"href":"https:\/\/fuerberg.de\/index.php\/wp-json\/wp\/v2\/pages\/26","targetHints":{"allow":["GET"]}}],"collection":[{"href":"https:\/\/fuerberg.de\/index.php\/wp-json\/wp\/v2\/pages"}],"about":[{"href":"https:\/\/fuerberg.de\/index.php\/wp-json\/wp\/v2\/types\/page"}],"author":[{"embeddable":true,"href":"https:\/\/fuerberg.de\/index.php\/wp-json\/wp\/v2\/users\/1"}],"replies":[{"embeddable":true,"href":"https:\/\/fuerberg.de\/index.php\/wp-json\/wp\/v2\/comments?post=26"}],"version-history":[{"count":28,"href":"https:\/\/fuerberg.de\/index.php\/wp-json\/wp\/v2\/pages\/26\/revisions"}],"predecessor-version":[{"id":643,"href":"https:\/\/fuerberg.de\/index.php\/wp-json\/wp\/v2\/pages\/26\/revisions\/643"}],"wp:attachment":[{"href":"https:\/\/fuerberg.de\/index.php\/wp-json\/wp\/v2\/media?parent=26"}],"curies":[{"name":"wp","href":"https:\/\/api.w.org\/{rel}","templated":true}]}}