{"id":28,"date":"2018-11-17T14:39:34","date_gmt":"2018-11-17T14:39:34","guid":{"rendered":"https:\/\/fuerberg.de\/?page_id=28"},"modified":"2025-09-06T19:43:06","modified_gmt":"2025-09-06T17:43:06","slug":"impressum","status":"publish","type":"page","link":"https:\/\/fuerberg.de\/index.php\/impressum\/","title":{"rendered":"Impressum"},"content":{"rendered":"<p><strong><span style=\"color: #000000;\"><span style=\"font-family: Galada, Helvetica, Arial, Verdana, sans-serif;\"><span style=\"font-size: large;\"><b>F\u00fcrberger K\u00e4rwaburschen e. V.<\/b><\/span><\/span><\/span><\/strong><span style=\"color: #000000;\"><span style=\"font-family: Galada, Helvetica, Arial, Verdana, sans-serif;\"><span style=\"font-size: large;\"><br \/>\nBanderbacher Weg 9<br \/>\n90768 F\u00fcrth<\/span><\/span><\/span><\/p>\n<p><span style=\"color: #000000;\"><span style=\"font-family: Galada, Helvetica, Arial, Verdana, sans-serif;\"><span style=\"font-size: large;\">Telefon: +49 177 9114872<br \/>\nE-Mail: info@fuerberg.de<br \/>\nInternet: http:\/\/www.fuerberg.de<\/span><\/span><\/span><\/p>\n<p><span style=\"color: #000000;\">\u00a0<\/span><\/p>\n<p><span style=\"color: #000000;\"><span style=\"font-family: Galada, Helvetica, Arial, Verdana, sans-serif;\"><span style=\"font-size: large;\">Registergericht: Amtsgericht F\u00fcrth<br \/>\nRegisternummer: VR 1172<\/span><\/span><\/span><\/p>\n<p><span style=\"color: #000000;\">\u00a0<\/span><\/p>\n<p><strong><span style=\"color: #000000;\"><span style=\"font-family: Galada, Helvetica, Arial, Verdana, sans-serif;\"><span style=\"font-size: medium;\"><b>1. Vorstand:<\/b><\/span><\/span><\/span><\/strong><\/p>\n<p><span style=\"color: #000000;\"><span style=\"font-family: Galada, Helvetica, Arial, Verdana, sans-serif;\"><span style=\"font-size: large;\">Fabian R\u00fcckl<br \/>\nLycker Stra\u00dfe 10a<br \/>\n90768 F\u00fcrth<br \/>\n0177 \/ 9114872<\/span><\/span><\/span><\/p>\n<p>&nbsp;<\/p>\n<p><strong><span style=\"color: #000000;\"><span style=\"font-family: Galada, Helvetica, Arial, Verdana, sans-serif;\"><span style=\"font-size: large;\"><b>2. Vorstand:<\/b><\/span><\/span><\/span><\/strong><\/p>\n<p><span style=\"color: #000000;\"><span style=\"font-family: Galada, Helvetica, Arial, Verdana, sans-serif;\"><span style=\"font-size: large;\">Sebastian Bierl<br \/>\nUnterf\u00fcrberger Stra\u00dfe 103<br \/>\n90768 F\u00fcrth<br \/>\n0177 \/ 6801597<\/span><\/span><\/span><\/p>\n<p>&nbsp;<\/p>\n<p><strong><span style=\"color: #000000;\"><span style=\"font-family: Galada, Helvetica, Arial, Verdana, sans-serif;\"><span style=\"font-size: large;\"><b>3. Vorstand:<\/b><\/span><\/span><\/span><\/strong><\/p>\n<p><span style=\"color: #000000;\"><span style=\"font-family: Galada, Helvetica, Arial, Verdana, sans-serif;\"><span style=\"font-size: large;\">Sven Fleischmann<\/span><\/span><\/span><\/p>\n<p>&nbsp;<\/p>\n<p><strong><span style=\"color: #000000;\"><span style=\"font-family: Galada, Helvetica, Arial, Verdana, sans-serif;\"><span style=\"font-size: large;\"><b>Jungvorstand<\/b><\/span><\/span><\/span><\/strong><\/p>\n<p><span style=\"color: #000000;\"><span style=\"font-family: Galada, Helvetica, Arial, Verdana, sans-serif;\"><span style=\"font-size: large;\">Harald Schuster<\/span><\/span><\/span><\/p>\n<p>&nbsp;<\/p>\n<p><strong><span style=\"color: #000000;\"><span style=\"font-family: Galada, Helvetica, Arial, Verdana, sans-serif;\"><span style=\"font-size: large;\"><b>1. Kassier<\/b><\/span><\/span><\/span><\/strong><\/p>\n<p><span style=\"color: #000000;\"><span style=\"font-family: Galada, Helvetica, Arial, Verdana, sans-serif;\"><span style=\"font-size: large;\">Georg Kimberger<\/span><\/span><\/span><\/p>\n<p>&nbsp;<\/p>\n<p><strong><span style=\"color: #000000;\"><span style=\"font-family: Galada, Helvetica, Arial, Verdana, sans-serif;\"><span style=\"font-size: large;\"><b>1. Schriftf\u00fchrer<\/b><\/span><\/span><\/span><\/strong><\/p>\n<p><span style=\"color: #000000;\"><span style=\"font-family: Galada, Helvetica, Arial, Verdana, sans-serif;\"><span style=\"font-size: large;\">Tim Beyer<\/span><\/span><\/span><\/p>\n<p>&nbsp;<\/p>\n<p><strong><span style=\"color: #000000;\"><span style=\"font-family: Galada, Helvetica, Arial, Verdana, sans-serif;\"><span style=\"font-size: large;\"><b>1. Jugendwart<\/b><\/span><\/span><\/span><\/strong><\/p>\n<p><span style=\"color: #000000;\"><span style=\"font-family: Galada, Helvetica, Arial, Verdana, sans-serif;\"><span style=\"font-size: large;\">Celina Erzen<\/span><\/span><\/span><\/p>\n<p>&nbsp;<\/p>\n<p><strong><span style=\"color: #000000;\"><span style=\"font-family: Galada, Helvetica, Arial, Verdana, sans-serif;\"><span style=\"font-size: medium;\"><b>Haftungsauschluss<\/b><\/span><\/span><\/span><\/strong><span style=\"color: #000000;\"><span style=\"font-family: Galada, Helvetica, Arial, Verdana, sans-serif;\"><span style=\"font-size: medium;\"><br \/>\nAlle in unseren Internetseiten enthaltenen Angaben und Informationen sind sorgf\u00e4ltig erarbeitet und werden in regelm\u00e4\u00dfigen Abst\u00e4nden aktualisiert. Eine Haftung bzw. Garantie f\u00fcr die Richtigkeit, Aktualit\u00e4t oder Vollst\u00e4ndigkeit der Angaben und Informationen kann nicht \u00fcbernommen werden.<\/span><\/span><\/span><\/p>\n<p><span style=\"color: #000000;\"><span style=\"font-family: Galada, Helvetica, Arial, Verdana, sans-serif;\"><span style=\"font-size: medium;\">F\u00fcr die Internetseiten Dritter, auf die der Verein mittels Hyperlink zugreift, tr\u00e4gt der jeweilige Anbieter die Verantwortung. Wir \u00fcbernehmen insoweit keine Haftung.<\/span><\/span><\/span><\/p>\n<p><span style=\"color: #000000;\"><span style=\"font-family: Galada, Helvetica, Arial, Verdana, sans-serif;\"><span style=\"font-size: medium;\">Die Vereins-Webseite kann ohne unser Wissen mit einer anderen Webseite via Hyperlink verbunden worden sein. Der Verein \u00fcbernimmt keine Verantwortung f\u00fcr Darstellungen, Inhalt oder irgendeine Verbindung zum Verein in Webseiten Dritter.<\/span><\/span><\/span><\/p>\n<p><strong><span style=\"color: #000000;\"><span style=\"font-family: Galada, Helvetica, Arial, Verdana, sans-serif;\"><span style=\"font-size: medium;\"><b>E-Mail<\/b><\/span><\/span><\/span><\/strong><span style=\"color: #000000;\"><span style=\"font-family: Galada, Helvetica, Arial, Verdana, sans-serif;\"><span style=\"font-size: medium;\"><br \/>\nZur \u00dcbermittlung rechtsverbindlicher Erkl\u00e4rungen benutzen Sie bitte ausschlie\u00dflich den Postweg.<\/span><\/span><\/span><\/p>\n<p><strong><span style=\"color: #000000;\"><span style=\"font-family: Galada, Helvetica, Arial, Verdana, sans-serif;\"><span style=\"font-size: medium;\"><b>Urheberrechte, Marken und Logos<\/b><\/span><\/span><\/span><\/strong><span style=\"color: #000000;\"><span style=\"font-family: Galada, Helvetica, Arial, Verdana, sans-serif;\"><span style=\"font-size: medium;\"><br \/>\nInhalt und Struktur unseres Internetauftritts sind urheberrechtlich gesch\u00fctzt. Die Vervielf\u00e4ltigung von Informationen oder Daten, insbesondere die Verwendung von Texten, Textteilen oder Bildmaterial bedarf der vorherigen Zustimmung des Vereins. Sie d\u00fcrfen Inhalte nur im Rahmen der angebotenen Funktionalit\u00e4ten f\u00fcr Ihren pers\u00f6nlichen Gebrauch nutzen. Sie erwerben keinerlei dar\u00fcber hinausgehenden Rechte an den Inhalten oder Programmen. Wenn Software zum Download angeboten wird, beschr\u00e4nkt sich Ihre Nutzungsberechtigung auf die pers\u00f6nliche Verwendung im Rahmen der Nutzung des Internetauftritts. Unsere im Internet aufgef\u00fchrten Marken und Logos und Bilder sind gesch\u00fctzt. Es ist nicht gestattet, diese Marken oder Logos und Bilder ohne unsere vorherige Zustimmung zu nutzen.<\/span><\/span><\/span><\/p>\n<p>&nbsp;<\/p>\n<p>&nbsp;<\/p>\n<p>Diese Website wurde erstellt von Sebastian Kachelrie\u00df<\/p>\n","protected":false},"excerpt":{"rendered":"<p>F\u00fcrberger K\u00e4rwaburschen e. V. Banderbacher Weg 9 90768 F\u00fcrth Telefon: +49 177 9114872 E-Mail: info@fuerberg.de Internet: http:\/\/www.fuerberg.de \u00a0 Registergericht: Amtsgericht F\u00fcrth Registernummer: VR 1172 \u00a0 1. Vorstand: Fabian R\u00fcckl Lycker Stra\u00dfe 10a 90768 F\u00fcrth 0177 \/ 9114872 &nbsp; 2. Vorstand: Sebastian Bierl Unterf\u00fcrberger Stra\u00dfe 103 90768 F\u00fcrth 0177 \/ 6801597 &nbsp; 3. Vorstand: Sven Fleischmann&nbsp;&hellip;<\/p>\n","protected":false},"author":1,"featured_media":0,"parent":0,"menu_order":6,"comment_status":"closed","ping_status":"closed","template":"","meta":{"footnotes":""},"class_list":["post-28","page","type-page","status-publish","hentry"],"_links":{"self":[{"href":"https:\/\/fuerberg.de\/index.php\/wp-json\/wp\/v2\/pages\/28","targetHints":{"allow":["GET"]}}],"collection":[{"href":"https:\/\/fuerberg.de\/index.php\/wp-json\/wp\/v2\/pages"}],"about":[{"href":"https:\/\/fuerberg.de\/index.php\/wp-json\/wp\/v2\/types\/page"}],"author":[{"embeddable":true,"href":"https:\/\/fuerberg.de\/index.php\/wp-json\/wp\/v2\/users\/1"}],"replies":[{"embeddable":true,"href":"https:\/\/fuerberg.de\/index.php\/wp-json\/wp\/v2\/comments?post=28"}],"version-history":[{"count":11,"href":"https:\/\/fuerberg.de\/index.php\/wp-json\/wp\/v2\/pages\/28\/revisions"}],"predecessor-version":[{"id":617,"href":"https:\/\/fuerberg.de\/index.php\/wp-json\/wp\/v2\/pages\/28\/revisions\/617"}],"wp:attachment":[{"href":"https:\/\/fuerberg.de\/index.php\/wp-json\/wp\/v2\/media?parent=28"}],"curies":[{"name":"wp","href":"https:\/\/api.w.org\/{rel}","templated":true}]}}