{"id":39,"date":"2018-11-17T14:49:49","date_gmt":"2018-11-17T14:49:49","guid":{"rendered":"https:\/\/fuerberg.de\/?page_id=39"},"modified":"2026-01-11T18:45:48","modified_gmt":"2026-01-11T17:45:48","slug":"home","status":"publish","type":"page","link":"https:\/\/fuerberg.de\/","title":{"rendered":"Home"},"content":{"rendered":"<h1 style=\"text-align: center;\"><strong>\u2665-lich Willkommen auf der Homepage der F\u00fcrberger K\u00e4rwaburschen!<\/strong><\/h1>\n<hr \/>\n<h2><\/h2>\n<p>&nbsp;<\/p>\n<h2 style=\"text-align: center;\">Zeit bis zur <strong>F\u00fcrberger K\u00e4rwa 2026<\/strong><\/h2>\n<style type='text\/css'>.wpcdt-timer-242 .wpcdt-clock{max-width: 750px;}<\/style>\n<div class=\"wpcdt-wrap wpcdt-timer-wrap wpcdt-clearfix  wpcdt-timer-circle wpcdt-timer-242\" data-conf=\"{&quot;current_date&quot;:&quot;2026-04-09 15:22:31&quot;,&quot;expiry_date&quot;:&quot;2026-08-27 00:00:01&quot;,&quot;timercircle_animation&quot;:&quot;smooth&quot;,&quot;timercircle_width&quot;:0.1,&quot;timer_bg_width&quot;:1.2,&quot;timer_bgclr&quot;:&quot;#313332&quot;,&quot;timer_day_bgclr&quot;:&quot;#e3be32&quot;,&quot;timer_hour_bgclr&quot;:&quot;#36b0e3&quot;,&quot;timer_minute_bgclr&quot;:&quot;#75bf44&quot;,&quot;timer_second_bgclr&quot;:&quot;#66c5af&quot;,&quot;day_text&quot;:&quot;Tage&quot;,&quot;hour_text&quot;:&quot;Stunden&quot;,&quot;minute_text&quot;:&quot;Minuten&quot;,&quot;second_text&quot;:&quot;Seconds&quot;,&quot;is_days&quot;:1,&quot;is_hours&quot;:1,&quot;is_minutes&quot;:1,&quot;is_seconds&quot;:&quot;&quot;}\">\n\t<div class=\"wpcdt-timer-inr wpcdt-timer wpcdt-timer-js\" id=\"wpcdt-timer-1\" data-id=\"242\">\n\t\t<div class=\"wpcdt-clock wpcdt-clock-circle\" data-timer=\"12040650\"><\/div>\n\t<\/div>\n<\/div>\n<p>&nbsp;<\/p>\n<hr \/>\n<p>&nbsp;<\/p>\n<h2 style=\"text-align: center;\">Hier finden Sie die <strong>Termine<\/strong> f\u00fcr das Jahr<strong> 2026<\/strong><\/h2>\n<p>&nbsp;<\/p>\n<h2 style=\"text-align: center;\"><\/h2>\n<p><img loading=\"lazy\" decoding=\"async\" class=\"wp-image-639 aligncenter\" src=\"https:\/\/fuerberg.de\/wp-content\/uploads\/2026\/01\/Termine_2026_2_jpg-834x1024.jpg\" alt=\"\" width=\"737\" height=\"905\" srcset=\"https:\/\/fuerberg.de\/wp-content\/uploads\/2026\/01\/Termine_2026_2_jpg-834x1024.jpg 834w, https:\/\/fuerberg.de\/wp-content\/uploads\/2026\/01\/Termine_2026_2_jpg-244x300.jpg 244w, https:\/\/fuerberg.de\/wp-content\/uploads\/2026\/01\/Termine_2026_2_jpg-768x943.jpg 768w, https:\/\/fuerberg.de\/wp-content\/uploads\/2026\/01\/Termine_2026_2_jpg-879x1080.jpg 879w, https:\/\/fuerberg.de\/wp-content\/uploads\/2026\/01\/Termine_2026_2_jpg.jpg 947w\" sizes=\"auto, (max-width: 737px) 100vw, 737px\" \/><\/p>\n<p>&nbsp;<\/p>\n<p>&nbsp;<\/p>\n<h4>Alternativ finden Sie den <strong>Terminplan<\/strong> der K\u00e4rwaburschen:<\/h4>\n<ul>\n<li style=\"text-align: left;\">\n<h4>Hier als <strong>PDF-Datei<\/strong> zum Ausdrucken<span style=\"color: #0000ff;\"><em>: <a style=\"color: #0000ff;\" href=\"https:\/\/fuerberg.de\/wp-content\/uploads\/2026\/01\/Termine-2026_2.pdf\"><strong>Termine 2026<\/strong><\/a><\/em><\/span><\/h4>\n<\/li>\n<li style=\"text-align: left;\">\n<h4>Hier als <strong>iCal-Datei<\/strong> f\u00fcr Ihr Smartphone: <span style=\"color: #0000ff;\"><em><a style=\"color: #0000ff;\" href=\"https:\/\/fuerberg.de\/wp-content\/uploads\/2024\/01\/Termine2024.ics\"><strong>Kalender K\u00e4rwaburschen<\/strong><\/a><\/em><\/span><\/h4>\n<\/li>\n<\/ul>\n<h4 style=\"text-align: left;\"><strong>(Letzte \u00c4nderung 11.01.2026<\/strong><strong>)<\/strong><\/h4>\n","protected":false},"excerpt":{"rendered":"<p>\u2665-lich Willkommen auf der Homepage der F\u00fcrberger K\u00e4rwaburschen! &nbsp; Zeit bis zur F\u00fcrberger K\u00e4rwa 2026 &nbsp; &nbsp; Hier finden Sie die Termine f\u00fcr das Jahr 2026 &nbsp; &nbsp; &nbsp; Alternativ finden Sie den Terminplan der K\u00e4rwaburschen: Hier als PDF-Datei zum Ausdrucken: Termine 2026 Hier als iCal-Datei f\u00fcr Ihr Smartphone: Kalender K\u00e4rwaburschen (Letzte \u00c4nderung 11.01.2026)<\/p>\n","protected":false},"author":1,"featured_media":0,"parent":0,"menu_order":1,"comment_status":"closed","ping_status":"closed","template":"","meta":{"footnotes":""},"class_list":["post-39","page","type-page","status-publish","hentry"],"_links":{"self":[{"href":"https:\/\/fuerberg.de\/index.php\/wp-json\/wp\/v2\/pages\/39","targetHints":{"allow":["GET"]}}],"collection":[{"href":"https:\/\/fuerberg.de\/index.php\/wp-json\/wp\/v2\/pages"}],"about":[{"href":"https:\/\/fuerberg.de\/index.php\/wp-json\/wp\/v2\/types\/page"}],"author":[{"embeddable":true,"href":"https:\/\/fuerberg.de\/index.php\/wp-json\/wp\/v2\/users\/1"}],"replies":[{"embeddable":true,"href":"https:\/\/fuerberg.de\/index.php\/wp-json\/wp\/v2\/comments?post=39"}],"version-history":[{"count":67,"href":"https:\/\/fuerberg.de\/index.php\/wp-json\/wp\/v2\/pages\/39\/revisions"}],"predecessor-version":[{"id":644,"href":"https:\/\/fuerberg.de\/index.php\/wp-json\/wp\/v2\/pages\/39\/revisions\/644"}],"wp:attachment":[{"href":"https:\/\/fuerberg.de\/index.php\/wp-json\/wp\/v2\/media?parent=39"}],"curies":[{"name":"wp","href":"https:\/\/api.w.org\/{rel}","templated":true}]}}